{"id":28,"date":"2015-01-21T08:58:00","date_gmt":"2015-01-21T07:58:00","guid":{"rendered":"http:\/\/bip.sp1.srem.pl\/?page_id=28"},"modified":"2026-02-02T08:22:01","modified_gmt":"2026-02-02T07:22:01","slug":"strona-glowna","status":"publish","type":"page","link":"https:\/\/sp1.srem.pl\/bip\/","title":{"rendered":"Strona g\u0142\u00f3wna"},"content":{"rendered":"\n<p>Szko\u0142a Podstawowa nr 1 w \u015aremie im. Miko\u0142aja Kopernika<br>ul. Jana Kochanowskiego 2<br>63-100 \u015arem<br>tel. 61 28 35 462<br>e-mail:&nbsp;<a href=\"mailto:sekretariat@sp1.srem.pl\">sekretariat@sp1.srem.pl<\/a><br>stona www:&nbsp;<a rel=\"noreferrer noopener\" href=\"http:\/\/sp1.srem.pl\" target=\"_blank\">sp1.srem.pl<\/a><\/p>\n\n\n\n<p><strong>Adres e-Dor\u0119cze\u0144:<\/strong> AE:PL-81714-36958-RRHGA-13<\/p>\n","protected":false},"excerpt":{"rendered":"<p>Szko\u0142a Podstawowa nr 1 w \u015aremie im. Miko\u0142aja Kopernikaul. Jana Kochanowskiego 263-100 \u015aremtel. 61 28 35 462e-mail:&nbsp;sekretariat@sp1.srem.plstona www:&nbsp;sp1.srem.pl Adres e-Dor\u0119cze\u0144: AE:PL-81714-36958-RRHGA-13<\/p>\n","protected":false},"author":1,"featured_media":0,"parent":0,"menu_order":0,"comment_status":"closed","ping_status":"closed","template":"","meta":{"footnotes":""},"class_list":["post-28","page","type-page","status-publish","hentry"],"_links":{"self":[{"href":"https:\/\/sp1.srem.pl\/bip\/wp-json\/wp\/v2\/pages\/28","targetHints":{"allow":["GET"]}}],"collection":[{"href":"https:\/\/sp1.srem.pl\/bip\/wp-json\/wp\/v2\/pages"}],"about":[{"href":"https:\/\/sp1.srem.pl\/bip\/wp-json\/wp\/v2\/types\/page"}],"author":[{"embeddable":true,"href":"https:\/\/sp1.srem.pl\/bip\/wp-json\/wp\/v2\/users\/1"}],"replies":[{"embeddable":true,"href":"https:\/\/sp1.srem.pl\/bip\/wp-json\/wp\/v2\/comments?post=28"}],"version-history":[{"count":3,"href":"https:\/\/sp1.srem.pl\/bip\/wp-json\/wp\/v2\/pages\/28\/revisions"}],"predecessor-version":[{"id":142,"href":"https:\/\/sp1.srem.pl\/bip\/wp-json\/wp\/v2\/pages\/28\/revisions\/142"}],"wp:attachment":[{"href":"https:\/\/sp1.srem.pl\/bip\/wp-json\/wp\/v2\/media?parent=28"}],"curies":[{"name":"wp","href":"https:\/\/api.w.org\/{rel}","templated":true}]}}